{"id":13099,"date":"2021-07-25T14:54:33","date_gmt":"2021-07-25T12:54:33","guid":{"rendered":"https:\/\/dev.hebro-chemie.de\/shop\/?post_type=product&#038;p=13099"},"modified":"2026-04-15T03:39:07","modified_gmt":"2026-04-15T01:39:07","slug":"oplax-p-10-liter","status":"publish","type":"product","link":"https:\/\/www.hebro-chemie.de\/shop\/produkt\/oplax-p-10-liter\/","title":{"rendered":"Oplax P"},"content":{"rendered":"","protected":false},"excerpt":{"rendered":"<p><span class=\"smallText\">[<\/span><span class=\"smallText\">541067257<\/span><span class=\"smallText\">]<\/span><\/p>\n<p>Sicherheits-Trennmittel f\u00fcr Schwei\u00dfarbeiten und alle Nassabscheidersysteme, die fest anbackende St\u00e4ube abscheiden<\/p>\n<p>Produktabbildung \u00e4hnlich<\/p>\n","protected":false},"featured_media":13765,"template":"","meta":{"_acf_changed":false},"product_brand":[],"product_cat":[192,38],"product_tag":[],"class_list":{"0":"post-13099","1":"product","2":"type-product","3":"status-publish","4":"has-post-thumbnail","6":"product_cat-sonstiges","7":"product_cat-wartung-und-instandhaltung","8":"sales-flash-overlay","9":"woocommerce-text-align-center","10":"woocommerce-image-align-center","11":"do-quantity-buttons","13":"first","14":"instock","15":"sale","16":"taxable","17":"shipping-taxable","18":"purchasable","19":"product-type-simple"},"acf":[],"_links":{"self":[{"href":"https:\/\/www.hebro-chemie.de\/shop\/wp-json\/wp\/v2\/product\/13099","targetHints":{"allow":["GET"]}}],"collection":[{"href":"https:\/\/www.hebro-chemie.de\/shop\/wp-json\/wp\/v2\/product"}],"about":[{"href":"https:\/\/www.hebro-chemie.de\/shop\/wp-json\/wp\/v2\/types\/product"}],"wp:featuredmedia":[{"embeddable":true,"href":"https:\/\/www.hebro-chemie.de\/shop\/wp-json\/wp\/v2\/media\/13765"}],"wp:attachment":[{"href":"https:\/\/www.hebro-chemie.de\/shop\/wp-json\/wp\/v2\/media?parent=13099"}],"wp:term":[{"taxonomy":"product_brand","embeddable":true,"href":"https:\/\/www.hebro-chemie.de\/shop\/wp-json\/wp\/v2\/product_brand?post=13099"},{"taxonomy":"product_cat","embeddable":true,"href":"https:\/\/www.hebro-chemie.de\/shop\/wp-json\/wp\/v2\/product_cat?post=13099"},{"taxonomy":"product_tag","embeddable":true,"href":"https:\/\/www.hebro-chemie.de\/shop\/wp-json\/wp\/v2\/product_tag?post=13099"}],"curies":[{"name":"wp","href":"https:\/\/api.w.org\/{rel}","templated":true}]}}