{"id":13063,"date":"2021-08-22T16:10:55","date_gmt":"2021-08-22T14:10:55","guid":{"rendered":"https:\/\/dev.hebro-chemie.de\/shop\/?post_type=product&#038;p=13063"},"modified":"2026-04-15T02:47:03","modified_gmt":"2026-04-15T00:47:03","slug":"hebrosol-turbo-400-ml","status":"publish","type":"product","link":"https:\/\/www.hebro-chemie.de\/shop\/produkt\/hebrosol-turbo-400-ml\/","title":{"rendered":"<span class=\"hebro-brand-name\">hebro<\/span><span class=\"hebro-brand-reg\">&reg;<\/span>sol TURBO"},"content":{"rendered":"","protected":false},"excerpt":{"rendered":"<p><span class=\"smallText\">[540330423]<\/span><\/p>\n<p>Spezialprodukt f\u00fcr fett- und r\u00fcckstandsfreie Oberfl\u00e4chen<\/p>\n<p>Produktabbildung \u00e4hnlich<\/p>\n","protected":false},"featured_media":13758,"template":"","meta":{"_acf_changed":false},"product_brand":[],"product_cat":[65,167],"product_tag":[],"class_list":{"0":"post-13063","1":"product","2":"type-product","3":"status-publish","4":"has-post-thumbnail","6":"product_cat-oberflaechentechnik","7":"product_cat-reiniger","8":"sales-flash-overlay","9":"woocommerce-text-align-center","10":"woocommerce-image-align-center","11":"do-quantity-buttons","13":"first","14":"instock","15":"sale","16":"taxable","17":"shipping-taxable","18":"purchasable","19":"product-type-simple"},"acf":[],"_links":{"self":[{"href":"https:\/\/www.hebro-chemie.de\/shop\/wp-json\/wp\/v2\/product\/13063","targetHints":{"allow":["GET"]}}],"collection":[{"href":"https:\/\/www.hebro-chemie.de\/shop\/wp-json\/wp\/v2\/product"}],"about":[{"href":"https:\/\/www.hebro-chemie.de\/shop\/wp-json\/wp\/v2\/types\/product"}],"wp:featuredmedia":[{"embeddable":true,"href":"https:\/\/www.hebro-chemie.de\/shop\/wp-json\/wp\/v2\/media\/13758"}],"wp:attachment":[{"href":"https:\/\/www.hebro-chemie.de\/shop\/wp-json\/wp\/v2\/media?parent=13063"}],"wp:term":[{"taxonomy":"product_brand","embeddable":true,"href":"https:\/\/www.hebro-chemie.de\/shop\/wp-json\/wp\/v2\/product_brand?post=13063"},{"taxonomy":"product_cat","embeddable":true,"href":"https:\/\/www.hebro-chemie.de\/shop\/wp-json\/wp\/v2\/product_cat?post=13063"},{"taxonomy":"product_tag","embeddable":true,"href":"https:\/\/www.hebro-chemie.de\/shop\/wp-json\/wp\/v2\/product_tag?post=13063"}],"curies":[{"name":"wp","href":"https:\/\/api.w.org\/{rel}","templated":true}]}}