{"id":13049,"date":"2021-08-10T21:00:52","date_gmt":"2021-08-10T19:00:52","guid":{"rendered":"https:\/\/dev.hebro-chemie.de\/shop\/?post_type=product&#038;p=13049"},"modified":"2025-02-28T22:15:16","modified_gmt":"2025-02-28T21:15:16","slug":"hebroextoll400-ml","status":"publish","type":"product","link":"https:\/\/www.hebro-chemie.de\/shop\/produkt\/hebroextoll400-ml\/","title":{"rendered":"<span class=\"hebro-brand-name\">hebro<\/span><span class=\"hebro-brand-reg\">&reg;<\/span>extoll"},"content":{"rendered":"","protected":false},"excerpt":{"rendered":"<p><span class=\"smallText\">[<\/span><span class=\"smallText\">540454423<\/span><span class=\"smallText\">]<\/span><\/p>\n<p>Spezialreiniger f\u00fcr alle nichtpor\u00f6sen Oberfl\u00e4chen<\/p>\n<p>Produktabbildung \u00e4hnlich<\/p>\n","protected":false},"featured_media":13761,"template":"","meta":{"_acf_changed":false},"product_brand":[],"product_cat":[183,65],"product_tag":[],"class_list":{"0":"post-13049","1":"product","2":"type-product","3":"status-publish","4":"has-post-thumbnail","6":"product_cat-entlacker","7":"product_cat-oberflaechentechnik","8":"sales-flash-overlay","9":"woocommerce-text-align-center","10":"woocommerce-image-align-center","11":"do-quantity-buttons","13":"first","14":"instock","15":"taxable","16":"shipping-taxable","17":"purchasable","18":"product-type-simple"},"acf":[],"_links":{"self":[{"href":"https:\/\/www.hebro-chemie.de\/shop\/wp-json\/wp\/v2\/product\/13049","targetHints":{"allow":["GET"]}}],"collection":[{"href":"https:\/\/www.hebro-chemie.de\/shop\/wp-json\/wp\/v2\/product"}],"about":[{"href":"https:\/\/www.hebro-chemie.de\/shop\/wp-json\/wp\/v2\/types\/product"}],"wp:featuredmedia":[{"embeddable":true,"href":"https:\/\/www.hebro-chemie.de\/shop\/wp-json\/wp\/v2\/media\/13761"}],"wp:attachment":[{"href":"https:\/\/www.hebro-chemie.de\/shop\/wp-json\/wp\/v2\/media?parent=13049"}],"wp:term":[{"taxonomy":"product_brand","embeddable":true,"href":"https:\/\/www.hebro-chemie.de\/shop\/wp-json\/wp\/v2\/product_brand?post=13049"},{"taxonomy":"product_cat","embeddable":true,"href":"https:\/\/www.hebro-chemie.de\/shop\/wp-json\/wp\/v2\/product_cat?post=13049"},{"taxonomy":"product_tag","embeddable":true,"href":"https:\/\/www.hebro-chemie.de\/shop\/wp-json\/wp\/v2\/product_tag?post=13049"}],"curies":[{"name":"wp","href":"https:\/\/api.w.org\/{rel}","templated":true}]}}