{"id":13047,"date":"2021-07-25T12:59:37","date_gmt":"2021-07-25T10:59:37","guid":{"rendered":"https:\/\/dev.hebro-chemie.de\/shop\/?post_type=product&#038;p=13047"},"modified":"2026-04-15T02:19:07","modified_gmt":"2026-04-15T00:19:07","slug":"hebroderm-spezial-hautreiniger-12x250-ml-tube","status":"publish","type":"product","link":"https:\/\/www.hebro-chemie.de\/shop\/produkt\/hebroderm-spezial-hautreiniger-12x250-ml-tube\/","title":{"rendered":"<span class=\"hebro-brand-name\">hebro<\/span><span class=\"hebro-brand-reg\">&reg;<\/span>derm spezial Hautreiniger"},"content":{"rendered":"","protected":false},"excerpt":{"rendered":"<p><span class=\"smallText\">[<\/span><span class=\"smallText\">540320432<\/span><span class=\"smallText\">]<\/span><\/p>\n<p>Ein hochwirksames, past\u00f6ses Reinigungsprodukt mit r\u00fcckfettenden Eigenschaften. Entfernt m\u00fchelos Lacke, Farben und andere Verschmutzungen. Silikonfrei.<\/p>\n<p>Produktabbildung \u00e4hnlich<\/p>\n<p>Verpackungseinheit: 12x 250 ml<\/p>\n<p>&nbsp;<\/p>\n","protected":false},"featured_media":13756,"template":"","meta":{"_acf_changed":false},"product_brand":[],"product_cat":[187,117],"product_tag":[],"class_list":{"0":"post-13047","1":"product","2":"type-product","3":"status-publish","4":"has-post-thumbnail","6":"product_cat-hautreinigung-und-hautpflege","7":"product_cat-zubehoer","8":"sales-flash-overlay","9":"woocommerce-text-align-center","10":"woocommerce-image-align-center","11":"do-quantity-buttons","13":"first","14":"instock","15":"sale","16":"taxable","17":"shipping-taxable","18":"purchasable","19":"product-type-simple"},"acf":[],"_links":{"self":[{"href":"https:\/\/www.hebro-chemie.de\/shop\/wp-json\/wp\/v2\/product\/13047","targetHints":{"allow":["GET"]}}],"collection":[{"href":"https:\/\/www.hebro-chemie.de\/shop\/wp-json\/wp\/v2\/product"}],"about":[{"href":"https:\/\/www.hebro-chemie.de\/shop\/wp-json\/wp\/v2\/types\/product"}],"wp:featuredmedia":[{"embeddable":true,"href":"https:\/\/www.hebro-chemie.de\/shop\/wp-json\/wp\/v2\/media\/13756"}],"wp:attachment":[{"href":"https:\/\/www.hebro-chemie.de\/shop\/wp-json\/wp\/v2\/media?parent=13047"}],"wp:term":[{"taxonomy":"product_brand","embeddable":true,"href":"https:\/\/www.hebro-chemie.de\/shop\/wp-json\/wp\/v2\/product_brand?post=13047"},{"taxonomy":"product_cat","embeddable":true,"href":"https:\/\/www.hebro-chemie.de\/shop\/wp-json\/wp\/v2\/product_cat?post=13047"},{"taxonomy":"product_tag","embeddable":true,"href":"https:\/\/www.hebro-chemie.de\/shop\/wp-json\/wp\/v2\/product_tag?post=13047"}],"curies":[{"name":"wp","href":"https:\/\/api.w.org\/{rel}","templated":true}]}}