{"id":13034,"date":"2023-09-27T11:36:11","date_gmt":"2023-09-27T09:36:11","guid":{"rendered":"https:\/\/dev.hebro-chemie.de\/shop\/?post_type=product&#038;p=13034"},"modified":"2026-04-14T20:17:36","modified_gmt":"2026-04-14T18:17:36","slug":"derma-lind-24-x-100-ml","status":"publish","type":"product","link":"https:\/\/www.hebro-chemie.de\/shop\/produkt\/derma-lind-24-x-100-ml\/","title":{"rendered":"<span class=\"hebro-brand-name\">hebro<\/span><span class=\"hebro-brand-reg\">&reg;<\/span>derma lind"},"content":{"rendered":"","protected":false},"excerpt":{"rendered":"<p><span class=\"smallText\">[540497431] 24 x 100ml<br \/>\n[540493433] 1 l<br \/>\n<\/span><\/p>\n<p>Wirkstoffreiche Hautpflege mit Vitamin E, Vitamin A, D-Panthenol und alpha-Bisabolol.<\/p>\n<p>Pflegt und sch\u00fctzt strapazierte Haut mit enthaltenem Mandel\u00f6l, Erdnu\u00df\u00f6l und hautverwandten \u00d6len.<\/p>\n<p>Produktabbildung \u00e4hnlich<\/p>\n","protected":false},"featured_media":13779,"template":"","meta":{"_acf_changed":false},"product_brand":[],"product_cat":[187,117],"product_tag":[],"class_list":{"0":"post-13034","1":"product","2":"type-product","3":"status-publish","4":"has-post-thumbnail","6":"product_cat-hautreinigung-und-hautpflege","7":"product_cat-zubehoer","8":"sales-flash-overlay","9":"woocommerce-text-align-center","10":"woocommerce-image-align-center","11":"do-quantity-buttons","13":"first","14":"instock","15":"sale","16":"taxable","17":"shipping-taxable","18":"purchasable","19":"product-type-variable"},"acf":[],"_links":{"self":[{"href":"https:\/\/www.hebro-chemie.de\/shop\/wp-json\/wp\/v2\/product\/13034","targetHints":{"allow":["GET"]}}],"collection":[{"href":"https:\/\/www.hebro-chemie.de\/shop\/wp-json\/wp\/v2\/product"}],"about":[{"href":"https:\/\/www.hebro-chemie.de\/shop\/wp-json\/wp\/v2\/types\/product"}],"wp:featuredmedia":[{"embeddable":true,"href":"https:\/\/www.hebro-chemie.de\/shop\/wp-json\/wp\/v2\/media\/13779"}],"wp:attachment":[{"href":"https:\/\/www.hebro-chemie.de\/shop\/wp-json\/wp\/v2\/media?parent=13034"}],"wp:term":[{"taxonomy":"product_brand","embeddable":true,"href":"https:\/\/www.hebro-chemie.de\/shop\/wp-json\/wp\/v2\/product_brand?post=13034"},{"taxonomy":"product_cat","embeddable":true,"href":"https:\/\/www.hebro-chemie.de\/shop\/wp-json\/wp\/v2\/product_cat?post=13034"},{"taxonomy":"product_tag","embeddable":true,"href":"https:\/\/www.hebro-chemie.de\/shop\/wp-json\/wp\/v2\/product_tag?post=13034"}],"curies":[{"name":"wp","href":"https:\/\/api.w.org\/{rel}","templated":true}]}}