{"id":12845,"date":"2021-07-22T12:05:29","date_gmt":"2021-07-22T10:05:29","guid":{"rendered":"https:\/\/dev.hebro-chemie.de\/shop\/?post_type=product&#038;p=12845"},"modified":"2026-04-15T09:32:23","modified_gmt":"2026-04-15T07:32:23","slug":"oelbindevlies-extra-2x50","status":"publish","type":"product","link":"https:\/\/www.hebro-chemie.de\/shop\/produkt\/oelbindevlies-extra-2x50\/","title":{"rendered":"\u00d6lbindevlies extra (2&#215;50)"},"content":{"rendered":"","protected":false},"excerpt":{"rendered":"<p><span class=\"smallText\">[<\/span><span class=\"smallText\">540581999]<\/span><\/p>\n<p>\u00d6lbindevlies extra (2&#215;50)<br \/>\n\u00d6lbinden ohne l\u00e4stigen Staub. Kein Kehren und kein Verschleppen des Granulates. Der moderne \u00d6lbinder f\u00fcr alle Anwendungsf\u00e4lle in metallverarbeitenden Betrieben.<br \/>\nVerpackungseinheit: 2 x 50 St\u00fcck<\/p>\n","protected":false},"featured_media":12599,"template":"","meta":{"_acf_changed":false},"product_brand":[],"product_cat":[140,117],"product_tag":[],"class_list":{"0":"post-12845","1":"product","2":"type-product","3":"status-publish","4":"has-post-thumbnail","6":"product_cat-arbeits-und-betriebssicherheit","7":"product_cat-zubehoer","8":"sales-flash-overlay","9":"woocommerce-text-align-center","10":"woocommerce-image-align-center","11":"do-quantity-buttons","13":"first","14":"instock","15":"sale","16":"taxable","17":"shipping-taxable","18":"purchasable","19":"product-type-simple"},"acf":[],"_links":{"self":[{"href":"https:\/\/www.hebro-chemie.de\/shop\/wp-json\/wp\/v2\/product\/12845","targetHints":{"allow":["GET"]}}],"collection":[{"href":"https:\/\/www.hebro-chemie.de\/shop\/wp-json\/wp\/v2\/product"}],"about":[{"href":"https:\/\/www.hebro-chemie.de\/shop\/wp-json\/wp\/v2\/types\/product"}],"wp:featuredmedia":[{"embeddable":true,"href":"https:\/\/www.hebro-chemie.de\/shop\/wp-json\/wp\/v2\/media\/12599"}],"wp:attachment":[{"href":"https:\/\/www.hebro-chemie.de\/shop\/wp-json\/wp\/v2\/media?parent=12845"}],"wp:term":[{"taxonomy":"product_brand","embeddable":true,"href":"https:\/\/www.hebro-chemie.de\/shop\/wp-json\/wp\/v2\/product_brand?post=12845"},{"taxonomy":"product_cat","embeddable":true,"href":"https:\/\/www.hebro-chemie.de\/shop\/wp-json\/wp\/v2\/product_cat?post=12845"},{"taxonomy":"product_tag","embeddable":true,"href":"https:\/\/www.hebro-chemie.de\/shop\/wp-json\/wp\/v2\/product_tag?post=12845"}],"curies":[{"name":"wp","href":"https:\/\/api.w.org\/{rel}","templated":true}]}}