{"id":12843,"date":"2021-07-22T12:04:17","date_gmt":"2021-07-22T10:04:17","guid":{"rendered":"https:\/\/dev.hebro-chemie.de\/shop\/?post_type=product&#038;p=12843"},"modified":"2025-02-28T22:48:30","modified_gmt":"2025-02-28T21:48:30","slug":"oelbindevlies","status":"publish","type":"product","link":"https:\/\/www.hebro-chemie.de\/shop\/produkt\/oelbindevlies\/","title":{"rendered":"\u00d6lbindevlies"},"content":{"rendered":"","protected":false},"excerpt":{"rendered":"<p><span class=\"smallText\">[<\/span>540583999<span class=\"smallText\">]<\/span><\/p>\n<p>\u00d6lbindevlies<br \/>\nSaugvlies mit gro\u00dfer \u00d6laufnahmef\u00e4higkeit. \u00d6lbindevlies kann \u00fcberall dort angewendet werden, wo granulatf\u00f6rmige Aufsaugmittel versagen.<br \/>\nVerpackungseinheit: 2 x 50 St\u00fcck<\/p>\n","protected":false},"featured_media":12600,"template":"","meta":{"_acf_changed":false},"product_brand":[],"product_cat":[140,117],"product_tag":[],"class_list":{"0":"post-12843","1":"product","2":"type-product","3":"status-publish","4":"has-post-thumbnail","6":"product_cat-arbeits-und-betriebssicherheit","7":"product_cat-zubehoer","8":"sales-flash-overlay","9":"woocommerce-text-align-center","10":"woocommerce-image-align-center","11":"do-quantity-buttons","13":"first","14":"instock","15":"taxable","16":"shipping-taxable","17":"purchasable","18":"product-type-simple"},"acf":[],"_links":{"self":[{"href":"https:\/\/www.hebro-chemie.de\/shop\/wp-json\/wp\/v2\/product\/12843","targetHints":{"allow":["GET"]}}],"collection":[{"href":"https:\/\/www.hebro-chemie.de\/shop\/wp-json\/wp\/v2\/product"}],"about":[{"href":"https:\/\/www.hebro-chemie.de\/shop\/wp-json\/wp\/v2\/types\/product"}],"wp:featuredmedia":[{"embeddable":true,"href":"https:\/\/www.hebro-chemie.de\/shop\/wp-json\/wp\/v2\/media\/12600"}],"wp:attachment":[{"href":"https:\/\/www.hebro-chemie.de\/shop\/wp-json\/wp\/v2\/media?parent=12843"}],"wp:term":[{"taxonomy":"product_brand","embeddable":true,"href":"https:\/\/www.hebro-chemie.de\/shop\/wp-json\/wp\/v2\/product_brand?post=12843"},{"taxonomy":"product_cat","embeddable":true,"href":"https:\/\/www.hebro-chemie.de\/shop\/wp-json\/wp\/v2\/product_cat?post=12843"},{"taxonomy":"product_tag","embeddable":true,"href":"https:\/\/www.hebro-chemie.de\/shop\/wp-json\/wp\/v2\/product_tag?post=12843"}],"curies":[{"name":"wp","href":"https:\/\/api.w.org\/{rel}","templated":true}]}}