{"id":12803,"date":"2021-07-21T18:39:47","date_gmt":"2021-07-21T16:39:47","guid":{"rendered":"https:\/\/dev.hebro-chemie.de\/shop\/?post_type=product&#038;p=12803"},"modified":"2026-04-15T09:13:13","modified_gmt":"2026-04-15T07:13:13","slug":"oelskimmer-r-35-1-stueck","status":"publish","type":"product","link":"https:\/\/www.hebro-chemie.de\/shop\/produkt\/oelskimmer-r-35-1-stueck\/","title":{"rendered":"\u00d6lskimmer R 35"},"content":{"rendered":"","protected":false},"excerpt":{"rendered":"<p><span class=\"smallText\">[<\/span><span class=\"smallText\">541076999<\/span><span class=\"smallText\">]<\/span><\/p>\n<p>NB2170<br \/>\n\u00d6lskimmer R 35<br \/>\nZubeh\u00f6r<br \/>\nDer \u00d6lskimmer wird zur vollautomatischen, zeitgesteuerten und kontinuierlichen Pflege von wassermischbaren K\u00fchlschmierstoffen und Entfettungsb\u00e4dern verwendet.<br \/>\nVerpackungseinheit: 1 St\u00fcck<\/p>\n<p>&nbsp;<\/p>\n","protected":false},"featured_media":13264,"template":"","meta":{"_acf_changed":false},"product_brand":[],"product_cat":[117],"product_tag":[],"class_list":{"0":"post-12803","1":"product","2":"type-product","3":"status-publish","4":"has-post-thumbnail","6":"product_cat-zubehoer","7":"sales-flash-overlay","8":"woocommerce-text-align-center","9":"woocommerce-image-align-center","10":"do-quantity-buttons","12":"first","13":"instock","14":"sale","15":"taxable","16":"shipping-taxable","17":"purchasable","18":"product-type-simple"},"acf":[],"_links":{"self":[{"href":"https:\/\/www.hebro-chemie.de\/shop\/wp-json\/wp\/v2\/product\/12803","targetHints":{"allow":["GET"]}}],"collection":[{"href":"https:\/\/www.hebro-chemie.de\/shop\/wp-json\/wp\/v2\/product"}],"about":[{"href":"https:\/\/www.hebro-chemie.de\/shop\/wp-json\/wp\/v2\/types\/product"}],"wp:featuredmedia":[{"embeddable":true,"href":"https:\/\/www.hebro-chemie.de\/shop\/wp-json\/wp\/v2\/media\/13264"}],"wp:attachment":[{"href":"https:\/\/www.hebro-chemie.de\/shop\/wp-json\/wp\/v2\/media?parent=12803"}],"wp:term":[{"taxonomy":"product_brand","embeddable":true,"href":"https:\/\/www.hebro-chemie.de\/shop\/wp-json\/wp\/v2\/product_brand?post=12803"},{"taxonomy":"product_cat","embeddable":true,"href":"https:\/\/www.hebro-chemie.de\/shop\/wp-json\/wp\/v2\/product_cat?post=12803"},{"taxonomy":"product_tag","embeddable":true,"href":"https:\/\/www.hebro-chemie.de\/shop\/wp-json\/wp\/v2\/product_tag?post=12803"}],"curies":[{"name":"wp","href":"https:\/\/api.w.org\/{rel}","templated":true}]}}