{"id":12786,"date":"2021-07-21T18:20:17","date_gmt":"2021-07-21T16:20:17","guid":{"rendered":"https:\/\/dev.hebro-chemie.de\/shop\/?post_type=product&#038;p=12786"},"modified":"2026-04-15T09:32:02","modified_gmt":"2026-04-15T07:32:02","slug":"handdrucksprueher_fuer_loesemittel","status":"publish","type":"product","link":"https:\/\/www.hebro-chemie.de\/shop\/produkt\/handdrucksprueher_fuer_loesemittel\/","title":{"rendered":"Handdruckspr\u00fcher f\u00fcr L\u00f6semittel"},"content":{"rendered":"","protected":false},"excerpt":{"rendered":"<p><span class=\"smallText\">[<\/span><span class=\"smallText\">541796999]<\/span><\/p>\n<p>NS3406 Handdruckspr\u00fcher f\u00fcr L\u00f6semittel<\/p>\n<p>Dieser Handdruckspr\u00fcher ist <strong>nicht <\/strong>geeignet f\u00fcr\u00a0<strong>hebro<sup>\u00ae<\/sup>sol A, hebro<sup>\u00ae<\/sup>sol 3 <\/strong>und <strong>hebro<sup>\u00ae<\/sup>sol 5<\/strong>, Entlacker, Grafitti- und Formenreiniger, wachsartige <strong>hebro<sup>\u00ae<\/sup>protect <\/strong>Produkte sowie f\u00fcr S\u00e4uren oder Laugen.<\/p>\n<p>Inhalt : 1 Liter<br \/>\nVerpackungseinheit: 1 Stck.<\/p>\n<p>&nbsp;<\/p>\n<p>&nbsp;<\/p>\n","protected":false},"featured_media":15240,"template":"","meta":{"_acf_changed":false},"product_brand":[],"product_cat":[117],"product_tag":[],"class_list":{"0":"post-12786","1":"product","2":"type-product","3":"status-publish","4":"has-post-thumbnail","6":"product_cat-zubehoer","7":"sales-flash-overlay","8":"woocommerce-text-align-center","9":"woocommerce-image-align-center","10":"do-quantity-buttons","12":"first","13":"instock","14":"sale","15":"taxable","16":"shipping-taxable","17":"purchasable","18":"product-type-simple"},"acf":[],"_links":{"self":[{"href":"https:\/\/www.hebro-chemie.de\/shop\/wp-json\/wp\/v2\/product\/12786","targetHints":{"allow":["GET"]}}],"collection":[{"href":"https:\/\/www.hebro-chemie.de\/shop\/wp-json\/wp\/v2\/product"}],"about":[{"href":"https:\/\/www.hebro-chemie.de\/shop\/wp-json\/wp\/v2\/types\/product"}],"wp:featuredmedia":[{"embeddable":true,"href":"https:\/\/www.hebro-chemie.de\/shop\/wp-json\/wp\/v2\/media\/15240"}],"wp:attachment":[{"href":"https:\/\/www.hebro-chemie.de\/shop\/wp-json\/wp\/v2\/media?parent=12786"}],"wp:term":[{"taxonomy":"product_brand","embeddable":true,"href":"https:\/\/www.hebro-chemie.de\/shop\/wp-json\/wp\/v2\/product_brand?post=12786"},{"taxonomy":"product_cat","embeddable":true,"href":"https:\/\/www.hebro-chemie.de\/shop\/wp-json\/wp\/v2\/product_cat?post=12786"},{"taxonomy":"product_tag","embeddable":true,"href":"https:\/\/www.hebro-chemie.de\/shop\/wp-json\/wp\/v2\/product_tag?post=12786"}],"curies":[{"name":"wp","href":"https:\/\/api.w.org\/{rel}","templated":true}]}}