{"id":12549,"date":"2021-07-20T22:27:43","date_gmt":"2021-07-20T20:27:43","guid":{"rendered":"https:\/\/dev.hebro-chemie.de\/shop\/?post_type=product&#038;p=12549"},"modified":"2026-04-14T20:24:31","modified_gmt":"2026-04-14T18:24:31","slug":"hebroderma-care-24-x-100ml","status":"publish","type":"product","link":"https:\/\/www.hebro-chemie.de\/shop\/produkt\/hebroderma-care-24-x-100ml\/","title":{"rendered":"<span class=\"hebro-brand-name\">hebro<\/span><span class=\"hebro-brand-reg\">&reg;<\/span>derma care"},"content":{"rendered":"","protected":false},"excerpt":{"rendered":"<p><span class=\"smallText\">[540496431] 24 x 100 ml<br \/>\n[540492433] 1 l<br \/>\n<\/span><\/p>\n<p>Alkalifreier, past\u00f6ser Handreiniger.<br \/>\nEnth\u00e4lt u. a. hochwertige und hautschonende, speziell f\u00fcr diesen Anwendungsbereich hergestellte Kunststoffreibmittel, die den Schmutz auf rollender Weise aus den Poren bef\u00f6rdert. Entfernt m\u00fchelos \u00d6le, Fette, Teer, Bitumen, Farben, Druckfarben u.v. m. Silikonfrei.<\/p>\n<p>Produktabbildung \u00e4hnlich<\/p>\n<p>&nbsp;<\/p>\n","protected":false},"featured_media":12926,"template":"","meta":{"_acf_changed":false},"product_brand":[],"product_cat":[187,81,117],"product_tag":[],"class_list":{"0":"post-12549","1":"product","2":"type-product","3":"status-publish","4":"has-post-thumbnail","6":"product_cat-hautreinigung-und-hautpflege","7":"product_cat-topseller","8":"product_cat-zubehoer","9":"sales-flash-overlay","10":"woocommerce-text-align-center","11":"woocommerce-image-align-center","12":"do-quantity-buttons","14":"first","15":"instock","16":"sale","17":"taxable","18":"shipping-taxable","19":"purchasable","20":"product-type-variable"},"acf":[],"_links":{"self":[{"href":"https:\/\/www.hebro-chemie.de\/shop\/wp-json\/wp\/v2\/product\/12549","targetHints":{"allow":["GET"]}}],"collection":[{"href":"https:\/\/www.hebro-chemie.de\/shop\/wp-json\/wp\/v2\/product"}],"about":[{"href":"https:\/\/www.hebro-chemie.de\/shop\/wp-json\/wp\/v2\/types\/product"}],"wp:featuredmedia":[{"embeddable":true,"href":"https:\/\/www.hebro-chemie.de\/shop\/wp-json\/wp\/v2\/media\/12926"}],"wp:attachment":[{"href":"https:\/\/www.hebro-chemie.de\/shop\/wp-json\/wp\/v2\/media?parent=12549"}],"wp:term":[{"taxonomy":"product_brand","embeddable":true,"href":"https:\/\/www.hebro-chemie.de\/shop\/wp-json\/wp\/v2\/product_brand?post=12549"},{"taxonomy":"product_cat","embeddable":true,"href":"https:\/\/www.hebro-chemie.de\/shop\/wp-json\/wp\/v2\/product_cat?post=12549"},{"taxonomy":"product_tag","embeddable":true,"href":"https:\/\/www.hebro-chemie.de\/shop\/wp-json\/wp\/v2\/product_tag?post=12549"}],"curies":[{"name":"wp","href":"https:\/\/api.w.org\/{rel}","templated":true}]}}